{"id":505,"date":"2024-02-07T21:48:59","date_gmt":"2024-02-07T21:48:59","guid":{"rendered":"https:\/\/przychodniakorona.pl\/?page_id=505"},"modified":"2024-02-07T21:51:47","modified_gmt":"2024-02-07T21:51:47","slug":"promieniowanie-informacja","status":"publish","type":"page","link":"https:\/\/przychodniakorona.pl\/index.php\/promieniowanie-informacja\/","title":{"rendered":"Promieniowanie Informacja"},"content":{"rendered":"\n<p><strong>Informacja o wp\u0142ywie dzia\u0142alno\u015bci wykonywanej przez jednostk\u0119 organizacyjn\u0105 polegaj\u0105cej na uruchomieniu pracowni rtg oraz uruchomieniu i stosowaniu aparatu rtg na zdrowie ludzi i na \u015brodowisko<\/strong><\/p>\n\n\n\n<p>Na podstawie art. 32c ust. 2 ustawy Prawo atomowe (Dz. U. z 2023 r., poz. 1173, z p\u00f3\u017an. zm.), informuj\u0119, \u017ce w jednostce organizacyjnej:<\/p>\n\n\n\n<p><strong>Przychodnia Stomatologiczna KORONA Halina Malinowska-Rewers<br>ul. Krasi\u0144skiego 13, 67-100 Nowa S\u00f3l<br><\/strong>wykonywana jest dzia\u0142alno\u015b\u0107 zwi\u0105zana z nara\u017ceniem na promieniowanie jonizuj\u0105ce, polegaj\u0105ca<\/p>\n\n\n\n<p>na:<\/p>\n\n\n\n<ul class=\"wp-block-list\">\n<li>\uf0b7 &nbsp;uruchamianiu i stosowaniu urz\u0105dze\u0144 wytwarzaj\u0105cych promieniowanie jonizuj\u0105ce \/typ aparatu rtg\/: firmy:\n<ol class=\"wp-block-list\">\n<li>1) &nbsp;<strong>Cefla Dental Group W\u0142ochy, <\/strong>typ: <strong>RX DC, <\/strong>SN: <strong>706J010452<\/strong><\/li>\n\n\n\n<li>2) &nbsp;<strong>Cefla Dental Group W\u0142ochy, <\/strong>typ: <strong>MyRay RX DC, <\/strong>SN: <strong>706J010485<\/strong><\/li>\n\n\n\n<li>3) &nbsp;<strong>Kodak Dental Systems USA, <\/strong>typ: <strong>Kodak 2200, <\/strong>SN: <strong>YDYC087<\/strong><\/li>\n\n\n\n<li>4) &nbsp;<strong>Cefla Dental Group W\u0142ochy, <\/strong>typ: <strong>MyRay RX DC, <\/strong>SN: <strong>706J015256<\/strong><\/li>\n\n\n\n<li>5) &nbsp;<strong>Cefla Dental Group W\u0142ochy, <\/strong>typ: <strong>Hyperion X9, <\/strong>SN: <strong>70A10755<\/strong><\/li>\n<\/ol>\n<\/li>\n\n\n\n<li>\uf0b7 &nbsp;uruchamianiu pracowni, w kt\u00f3rych maj\u0105 by\u0107 stosowane \u017ar\u00f3d\u0142a promieniowania jonizuj\u0105cego, w szczeg\u00f3lno\u015bci pracowni rentgenowskich lub medycznych pracowni rentgenowskich \/typ pracowni\/: <strong>4 gabinety stomatologiczne i 1 pracownia rtg<\/strong> Dla jednostki zosta\u0142y wydane decyzje zezwalaj\u0105ce na uruchomienie i stosowanie aparatu rtg oraz na uruchomienie pracowni rtg \/organ wydaj\u0105cy, nr decyzji, data wydania\/: Zezwolenie na stosowanie aparatu RTG nr 1 (SN: 706J010452) wyda\u0142 Pa\u0144stwowy Wojew\u00f3dzki Inspektor Sanitarny w Gorzowie Wlkp. w dniu <strong>24.11.2021r. <\/strong>(<strong>Decyzja nr I\/M\/NS-HR-172\/385\/2021).<\/strong> Zezwolenie na stosowanie aparatu RTG nr 2 (SN: 706J010485) wyda\u0142 Pa\u0144stwowy Wojew\u00f3dzki Inspektor Sanitarny w Gorzowie Wlkp. w dniu <strong>24.11.2021r. <\/strong>(<strong>Decyzja nr I\/M\/NS-HR-173\/386\/2021).<\/strong> Zezwolenie na stosowanie aparatu RTG nr 3 (Kodak 2200) wyda\u0142 Pa\u0144stwowy Wojew\u00f3dzki Inspektor Sanitarny w Gorzowie Wlkp. w dniu <strong>24.11.2021r. (Decyzja nr I\/M\/NS-HR- 175\/388\/2021).<\/strong><\/li>\n<\/ul>\n\n\n\n<p>a w pracowni rtg aparat do zdj\u0119\u0107 pantomograficznych, cefalometrycznych i CBCT<\/p>\n\n\n\n<p>firmy:<\/p>\n\n\n\n<p>Zezwolenie na stosowanie aparatu RTG nr 5 (Hyperion X9) wyda\u0142 Pa\u0144stwowy Wojew\u00f3dzki Inspektor Sanitarny w Gorzowie Wlkp. w dniu <strong>24.11.2021r. (Decyzja nr I\/M\/NS-HR- 171\/384\/2021).<\/strong><\/p>\n\n\n\n<p>Zezwolenie na stosowanie aparatu RTG nr 4 (SN: 706J015256) wyda\u0142 Pa\u0144stwowy Wojew\u00f3dzki Inspektor Sanitarny w Gorzowie Wlkp. w dniu &#8230;&#8230;&#8230;&#8230;&#8230;&#8230;&#8230; (Decyzja nr &#8230;&#8230;&#8230;&#8230;&#8230;&#8230;&#8230;&#8230;&#8230;&#8230;&#8230;&#8230;&#8230;)<\/p>\n\n\n\n<p>Zezwolenie na uruchomienie pracowni rtg wyda\u0142 Pa\u0144stwowy Wojew\u00f3dzki Inspektor Sanitarny w Gorzowie Wlkp. w dniu <strong>24.11.2021r. (Decyzja nr I\/M\/NS-HR-170\/383\/2021).<\/strong><\/p>\n\n\n\n<p>oraz zgoda na prowadzenie dzia\u0142alno\u015bci zwi\u0105zanej z nara\u017ceniem na promieniowanie jonizuj\u0105ce w celach medycznych polegaj\u0105cej na udzielaniu \u015bwiadcze\u0144 zdrowotnych z zakresu <strong>bada\u0144 rentgenodiagnostycznych<\/strong>\/radiologii zabiegowej* \/organ wydaj\u0105cy, nr decyzji, data wydania\/: Pa\u0144stwowy Wojew\u00f3dzki Inspektor Sanitarny w Gorzowie Wlkp. w dniu &#8230;&#8230;&#8230;&#8230;&#8230;&#8230;&#8230;&#8230;&#8230;&#8230;&#8230;&#8230;..(Decyzja nr&#8230;&#8230;&#8230;&#8230;&#8230;&#8230;&#8230;&#8230;&#8230;&#8230;&#8230;&#8230;&#8230;&#8230;&#8230;&#8230;&#8230;&#8230;&#8230;&#8230;&#8230;&#8230;&#8230;&#8230;&#8230;&#8230;&#8230;&#8230;&#8230;&#8230;.).<\/p>\n\n\n\n<p>Na podstawie art. 17 ust. 1 ustawy Prawo atomowe, w celu dostosowania sposobu oceny zagro\u017cenia do jego spodziewanego poziomu, pracownicy jednostki organizacyjnej zostali zaliczeni do kategorii A\/<strong>B<\/strong>* nara\u017cenia. Ocena nara\u017cenia pracownik\u00f3w prowadzona jest na podstawie: systematycznych pomiar\u00f3w dawek <strong>indywidualnych<\/strong>\/pomiar\u00f3w dozymetrycznych w \u015brodowisku pracy w spos\u00f3b pozwalaj\u0105cy stwierdzi\u0107 prawid\u0142owo\u015b\u0107 zaliczenia pracownik\u00f3w do tej kategorii* (umowa z IMP w \u0141odzi).<\/p>\n\n\n\n<p>W przeci\u0105gu ostatnich 12 miesi\u0119cy stwierdzono\/<strong>nie stwierdzono<\/strong>* przekroczenia dawek granicznych \/dawka skuteczna, dawka r\u00f3wnowa\u017cna\/ okre\u015blonych dla pracownik\u00f3w.<\/p>\n\n\n\n<p>Pomiary dozymetryczne rozk\u0142adu mocy dawki promieniowania jonizuj\u0105cego X wok\u00f3\u0142 aparatu rtg, podczas kt\u00f3rych potwierdzono, \u017ce konstrukcja \u015bcian, strop\u00f3w, okien, drzwi oraz zainstalowane urz\u0105dzenia ochronne w gabinecie stomatologicznym zabezpiecza osoby pracuj\u0105ce, osoby z og\u00f3\u0142u ludno\u015bci przebywaj\u0105ce w s\u0105siedztwie, a tak\u017ce osoby z og\u00f3\u0142u ludno\u015bci w przypadku pracowni rtg znajduj\u0105cej si\u0119 w budynku mieszkalnym przed otrzymaniem w ci\u0105gu roku dawek okre\u015blonych w \u00a7 2 i \u00a7 3 ust. 1 rozporz\u0105dzenia Ministra Zdrowia z dnia 21 sierpnia 2006 r. (Dz. U. Nr 180, poz. 1325).<\/p>\n\n\n\n<p><strong>Kierownik jednostki organizacyjnej zapewnia wykonywanie dzia\u0142alno\u015bci zwi\u0105zanej z nara\u017ceniem zgodnie z zasad\u0105 optymalizacji wymagaj\u0105c\u0105, \u017ceby \u2013 przy rozs\u0105dnym uwzgl\u0119dnieniu czynnik\u00f3w ekonomicznych i spo\u0142ecznych oraz aktualnego stanu wiedzy technicznej \u2013 liczba nara\u017conych pracownik\u00f3w i os\u00f3b z og\u00f3\u0142u ludno\u015bci oraz prawdopodobie\u0144stwo ich nara\u017cenia by\u0142y jak najmniejsze, a otrzymywane przez nich dawki promieniowania jonizuj\u0105cego by\u0142y mo\u017cliwie ma\u0142e.<\/strong><\/p>\n\n\n\n<p><strong>Na podstawie powy\u017cszych informacji stwierdza si\u0119, \u017ce dzia\u0142alno\u015b\u0107 w minionych 12 miesi\u0105cach nie mia\u0142a negatywnego wp\u0142ywu na zdrowie ludzi i \u015brodowisko.<br>W zwi\u0105zku z wykonywaniem wy\u017cej opisanej dzia\u0142alno\u015bci do \u015brodowiska s\u0105<\/strong>\/<strong>nie s\u0105* uwalniane substancje promieniotw\u00f3rcze.<\/strong><\/p>\n\n\n\n<p><\/p>\n","protected":false},"excerpt":{"rendered":"<p>Informacja o wp\u0142ywie dzia\u0142alno\u015bci wykonywanej przez jednostk\u0119 organizacyjn\u0105 polegaj\u0105cej na uruchomieniu pracowni rtg oraz uruchomieniu i stosowaniu aparatu rtg na zdrowie ludzi i na \u015brodowisko Na podstawie art. 32c ust. 2 ustawy Prawo atomowe (Dz. U. z 2023 r., poz. 1173, z p\u00f3\u017an. zm.), informuj\u0119, \u017ce w jednostce organizacyjnej: Przychodnia Stomatologiczna KORONA Halina Malinowska-Rewersul. Krasi\u0144skiego [&hellip;]<\/p>\n","protected":false},"author":1,"featured_media":0,"parent":0,"menu_order":0,"comment_status":"closed","ping_status":"closed","template":"","meta":{"footnotes":""},"class_list":["post-505","page","type-page","status-publish","hentry","entry"],"jetpack_sharing_enabled":true,"_links":{"self":[{"href":"https:\/\/przychodniakorona.pl\/index.php\/wp-json\/wp\/v2\/pages\/505","targetHints":{"allow":["GET"]}}],"collection":[{"href":"https:\/\/przychodniakorona.pl\/index.php\/wp-json\/wp\/v2\/pages"}],"about":[{"href":"https:\/\/przychodniakorona.pl\/index.php\/wp-json\/wp\/v2\/types\/page"}],"author":[{"embeddable":true,"href":"https:\/\/przychodniakorona.pl\/index.php\/wp-json\/wp\/v2\/users\/1"}],"replies":[{"embeddable":true,"href":"https:\/\/przychodniakorona.pl\/index.php\/wp-json\/wp\/v2\/comments?post=505"}],"version-history":[{"count":2,"href":"https:\/\/przychodniakorona.pl\/index.php\/wp-json\/wp\/v2\/pages\/505\/revisions"}],"predecessor-version":[{"id":508,"href":"https:\/\/przychodniakorona.pl\/index.php\/wp-json\/wp\/v2\/pages\/505\/revisions\/508"}],"wp:attachment":[{"href":"https:\/\/przychodniakorona.pl\/index.php\/wp-json\/wp\/v2\/media?parent=505"}],"curies":[{"name":"wp","href":"https:\/\/api.w.org\/{rel}","templated":true}]}}